{"id":366,"date":"2025-08-15T22:09:15","date_gmt":"2025-08-15T22:09:15","guid":{"rendered":"http:\/\/multimagem-eventos.local\/?page_id=366"},"modified":"2025-08-15T22:09:15","modified_gmt":"2025-08-15T22:09:15","slug":"resolucao-alternativa-de-litigios","status":"publish","type":"page","link":"https:\/\/dev.diasdiogo.pt\/multimagemeventos\/resolucao-alternativa-de-litigios\/","title":{"rendered":"Resolu\u00e7\u00e3o Alternativa de Lit\u00edgios"},"content":{"rendered":"","protected":false},"excerpt":{"rendered":"","protected":false},"author":1,"featured_media":0,"parent":0,"menu_order":0,"comment_status":"closed","ping_status":"closed","template":"","meta":{"_acf_changed":false,"inline_featured_image":false,"footnotes":""},"class_list":["post-366","page","type-page","status-publish","hentry"],"acf":[],"_links":{"self":[{"href":"https:\/\/dev.diasdiogo.pt\/multimagemeventos\/wp-json\/wp\/v2\/pages\/366","targetHints":{"allow":["GET"]}}],"collection":[{"href":"https:\/\/dev.diasdiogo.pt\/multimagemeventos\/wp-json\/wp\/v2\/pages"}],"about":[{"href":"https:\/\/dev.diasdiogo.pt\/multimagemeventos\/wp-json\/wp\/v2\/types\/page"}],"author":[{"embeddable":true,"href":"https:\/\/dev.diasdiogo.pt\/multimagemeventos\/wp-json\/wp\/v2\/users\/1"}],"replies":[{"embeddable":true,"href":"https:\/\/dev.diasdiogo.pt\/multimagemeventos\/wp-json\/wp\/v2\/comments?post=366"}],"version-history":[{"count":1,"href":"https:\/\/dev.diasdiogo.pt\/multimagemeventos\/wp-json\/wp\/v2\/pages\/366\/revisions"}],"predecessor-version":[{"id":367,"href":"https:\/\/dev.diasdiogo.pt\/multimagemeventos\/wp-json\/wp\/v2\/pages\/366\/revisions\/367"}],"wp:attachment":[{"href":"https:\/\/dev.diasdiogo.pt\/multimagemeventos\/wp-json\/wp\/v2\/media?parent=366"}],"curies":[{"name":"wp","href":"https:\/\/api.w.org\/{rel}","templated":true}]}}